{"id":88,"date":"2020-03-28T08:39:08","date_gmt":"2020-03-28T08:39:08","guid":{"rendered":"https:\/\/antonioconcas.it\/?page_id=88"},"modified":"2020-04-20T08:01:46","modified_gmt":"2020-04-20T08:01:46","slug":"biografia","status":"publish","type":"page","link":"https:\/\/antonioconcas.it\/?page_id=88","title":{"rendered":"Antonio Concas : Biografia"},"content":{"rendered":"<p><img loading=\"lazy\" decoding=\"async\" class=\"size-medium wp-image-95 alignleft\" src=\"https:\/\/antonioconcas.it\/wp-content\/uploads\/2020\/03\/ANTO5-253x300.jpg\" alt=\"\" width=\"253\" height=\"300\" srcset=\"https:\/\/antonioconcas.it\/wp-content\/uploads\/2020\/03\/ANTO5-253x300.jpg 253w, https:\/\/antonioconcas.it\/wp-content\/uploads\/2020\/03\/ANTO5-768x911.jpg 768w, https:\/\/antonioconcas.it\/wp-content\/uploads\/2020\/03\/ANTO5-863x1024.jpg 863w, https:\/\/antonioconcas.it\/wp-content\/uploads\/2020\/03\/ANTO5.jpg 1995w\" sizes=\"(max-width: 253px) 100vw, 253px\" \/>Sono nato in un piccolo paese della Sardegna nell\u2019Ottobre del 1958, da una famiglia di origine Operaia, ma ho sempre vissuto a Pioltello, che considero la mia vera citt\u00e0. La mia famiglia abitava in via Galilei, a Seggiano. Mio padre Orazio, in Sardegna era minatore; quando \u00e8 arrivato a Pioltello ha lavorato fino alla pensione nella INNSE. \u00c8 scomparso nel settembre del 2003. Mia madre, Marcella, \u00e8 casalinga.<\/p>\n<p>Ho frequentato le scuole elementari e medie in via Bolivia a Seggiano. Mi sono diplomato all\u2019istituto Tecnico \u201cMolinari \u201c di Milano in Informatica Industriale. Lavoro in una societ\u00e0 di Ingegneria come analista Informatico. Sono sposato con Lidia e abbiamo due figli, Giorgio, e Claudio. Lidia, Giorgio e Claudio sono la cosa pi\u00f9 importante per me.<\/p>\n<p>Mi appassionano la lettura e il cinema. Amo il calcio e da diversi anni seguo le partite delle squadre minori della Pioltellese dove ha giocato mio figlio Claudio, anche io ho dato sfogo alla passione per il calcio con una squadra \u201cIl Gabbiano\u201d con la quale abbiamo fatto circa 10 campionati arci-uisp, Mi piace la musica, tutta la musica. Ma un posto fondamentale nella mia vita lo occupa la politica\u2026<\/p>\n<p>Il mio impegno politico \u00e8 iniziato presto, grazie al movimento studentesco e ai miei insegnanti, persone che ricordo per la loro cultura e la loro umanit\u00e0, umanit\u00e0 grande come quella di Don Gianni e Don Franco persone fondamentali per la mia formazione. Ho ancora nella memoria il giorno in cui, con i giovani del mio quartiere, abbiamo fondato il nostro gruppo culturale \u201cNuovi Spazi\u201d, come secondo livello della scuola Popolare di Seggiano, erano gli anni 70. Di quella stagione della mia giovinezza porto i segni indelebili di una formazione umana, culturale e politica che considero tra le cose pi\u00f9 preziose e care della mia vita.<\/p>\n<p>Nei primi anni \u201990 mi sono iscritto al partito dei Democratici di Sinistra. E\u2019 stata una scelta dettata da elementi di sintonia ideale e di convergenza programmatica, peraltro intimamente e laicamente coerente con il quadro di valori cristiani ai quali continuo ad ispirarmi. Dello schieramento democratico-riformista i DS mi sono apparsi il partito meglio attrezzato ad una<br \/>\ninterpretazione avanzata ed innovativa della complessit\u00e0 sociale contemporanea e il pi\u00f9 propenso ad affermare un programma autenticamente riformatore. Sono stato Segretario del PCI-PDS e dei DS per 14 anni, e ne ho vissuto dall\u2019interno, con passione, sia le crisi, sia i momenti di crescita. Dal 1997 al 2001 sono stato consigliere comunale a Pioltello. Dal 2001 al 2004 ho ricoperto<br \/>\nl\u2019incarico di presidente del gruppo dei DS, dal 2004 fino al 2006 ho avuto l\u2019incarico di assessore al bilancio, al patrimonio e ai sistemi informativi della nostra citt\u00e0.<\/p>\n<p>Dal 2006 al 2013 ho ricoperto la carica di Sindaco nelle file del PD, per una coalizione di centro-sinistra, oggi sono in pensione dopo 43 anni di carriera e mi dedico al mio hobby Restauro vecchie Motociclette. Ho considerato importante dedicare le mie energie alla comunit\u00e0 con la partecipazione alla politica attraverso le istituzioni. L\u2019ideale che ha animato il mio impegno \u00e8 stato quello di far progredire la giustizia sociale. L\u2019obiettivo politico che ho perseguito \u00e8 stato quello di far crescere l\u2019unit\u00e0 del centro-sinistra.<\/p>\n<p>Non rimpiango niente perch\u00e8 supportato da loro, sono sempre riuscito a superare i momenti di difficolt\u00e0, di sconforto che a volte ti prendono dovendo dare conto a una popolazione numerosa<br \/>\ncome la nostra.\u00a0 Faccio quattro conti e mi ritengo abbastanza soddisfatto per aver realizzato una serie di cose che mi ero proposto di fare con la mia Amministrazione tutta.<\/p>\n<p>E l\u2019orgoglio pi\u00f9 grande tra tutto \u00e8 la realizzazione del Centro Salute intitolato a Don Franco Maggioni, il mio ispiratore.<\/p>\n<p>Antonio Concas<\/p>\n","protected":false},"excerpt":{"rendered":"<p>Sono nato in un piccolo paese della Sardegna nell\u2019Ottobre del 1958, da una famiglia di origine Operaia, ma ho sempre vissuto a Pioltello, che considero la mia vera citt\u00e0. La<strong>&hellip;<\/strong><\/p>\n","protected":false},"author":1,"featured_media":0,"parent":0,"menu_order":0,"comment_status":"closed","ping_status":"closed","template":"","meta":{"footnotes":""},"yst_prominent_words":[318,319,320,325,316,324,343,337,317,322,329,313,330,328,327,314,321,315,326,323],"class_list":["post-88","page","type-page","status-publish","hentry"],"yoast_head":"<!-- This site is optimized with the Yoast SEO Premium plugin v14.1 - https:\/\/yoast.com\/wordpress\/plugins\/seo\/ -->\n<title>Antonio Concas : Biografia - Antonio Concas<\/title>\n<meta name=\"robots\" content=\"index, follow\" \/>\n<meta name=\"googlebot\" content=\"index, follow, max-snippet:-1, max-image-preview:large, max-video-preview:-1\" \/>\n<meta name=\"bingbot\" content=\"index, follow, max-snippet:-1, max-image-preview:large, max-video-preview:-1\" \/>\n<link rel=\"canonical\" href=\"https:\/\/antonioconcas.it\/?page_id=88\" \/>\n<meta property=\"og:locale\" content=\"it_IT\" \/>\n<meta property=\"og:type\" content=\"article\" \/>\n<meta property=\"og:title\" content=\"Antonio Concas : Biografia - Antonio Concas\" \/>\n<meta property=\"og:description\" content=\"Sono nato in un piccolo paese della Sardegna nell\u2019Ottobre del 1958, da una famiglia di origine Operaia, ma ho sempre vissuto a Pioltello, che considero la mia vera citt\u00e0. La&hellip;\" \/>\n<meta property=\"og:url\" content=\"https:\/\/antonioconcas.it\/?page_id=88\" \/>\n<meta property=\"og:site_name\" content=\"Antonio Concas\" \/>\n<meta property=\"article:modified_time\" content=\"2020-04-20T08:01:46+00:00\" \/>\n<meta property=\"og:image\" content=\"https:\/\/antonioconcas.it\/wp-content\/uploads\/2020\/03\/ANTO5-253x300.jpg\" \/>\n<meta name=\"twitter:card\" content=\"summary_large_image\" \/>\n<script type=\"application\/ld+json\" class=\"yoast-schema-graph\">{\"@context\":\"https:\/\/schema.org\",\"@graph\":[{\"@type\":[\"Person\",\"Organization\"],\"@id\":\"https:\/\/antonioconcas.it\/#\/schema\/person\/7b65a5d97920e6e2d5f5681067d8f471\",\"name\":\"redazione\",\"image\":{\"@type\":\"ImageObject\",\"@id\":\"https:\/\/antonioconcas.it\/#personlogo\",\"inLanguage\":\"it-IT\",\"url\":\"https:\/\/secure.gravatar.com\/avatar\/7e882d4229244720c2337f6e2c185031?s=96&d=mm&r=g\",\"caption\":\"redazione\"},\"logo\":{\"@id\":\"https:\/\/antonioconcas.it\/#personlogo\"}},{\"@type\":\"WebSite\",\"@id\":\"https:\/\/antonioconcas.it\/#website\",\"url\":\"https:\/\/antonioconcas.it\/\",\"name\":\"Antonio Concas\",\"description\":\"Il Blog di Antonio Concas\",\"publisher\":{\"@id\":\"https:\/\/antonioconcas.it\/#\/schema\/person\/7b65a5d97920e6e2d5f5681067d8f471\"},\"potentialAction\":[{\"@type\":\"SearchAction\",\"target\":\"https:\/\/antonioconcas.it\/?s={search_term_string}\",\"query-input\":\"required name=search_term_string\"}],\"inLanguage\":\"it-IT\"},{\"@type\":\"ImageObject\",\"@id\":\"https:\/\/antonioconcas.it\/?page_id=88#primaryimage\",\"inLanguage\":\"it-IT\",\"url\":\"https:\/\/antonioconcas.it\/wp-content\/uploads\/2020\/03\/ANTO5.jpg\",\"width\":1995,\"height\":2366},{\"@type\":\"WebPage\",\"@id\":\"https:\/\/antonioconcas.it\/?page_id=88#webpage\",\"url\":\"https:\/\/antonioconcas.it\/?page_id=88\",\"name\":\"Antonio Concas : Biografia - Antonio Concas\",\"isPartOf\":{\"@id\":\"https:\/\/antonioconcas.it\/#website\"},\"primaryImageOfPage\":{\"@id\":\"https:\/\/antonioconcas.it\/?page_id=88#primaryimage\"},\"datePublished\":\"2020-03-28T08:39:08+00:00\",\"dateModified\":\"2020-04-20T08:01:46+00:00\",\"inLanguage\":\"it-IT\",\"potentialAction\":[{\"@type\":\"ReadAction\",\"target\":[\"https:\/\/antonioconcas.it\/?page_id=88\"]}]}]}<\/script>\n<!-- \/ Yoast SEO Premium plugin. -->","_links":{"self":[{"href":"https:\/\/antonioconcas.it\/index.php?rest_route=\/wp\/v2\/pages\/88"}],"collection":[{"href":"https:\/\/antonioconcas.it\/index.php?rest_route=\/wp\/v2\/pages"}],"about":[{"href":"https:\/\/antonioconcas.it\/index.php?rest_route=\/wp\/v2\/types\/page"}],"author":[{"embeddable":true,"href":"https:\/\/antonioconcas.it\/index.php?rest_route=\/wp\/v2\/users\/1"}],"replies":[{"embeddable":true,"href":"https:\/\/antonioconcas.it\/index.php?rest_route=%2Fwp%2Fv2%2Fcomments&post=88"}],"version-history":[{"count":10,"href":"https:\/\/antonioconcas.it\/index.php?rest_route=\/wp\/v2\/pages\/88\/revisions"}],"predecessor-version":[{"id":113,"href":"https:\/\/antonioconcas.it\/index.php?rest_route=\/wp\/v2\/pages\/88\/revisions\/113"}],"wp:attachment":[{"href":"https:\/\/antonioconcas.it\/index.php?rest_route=%2Fwp%2Fv2%2Fmedia&parent=88"}],"wp:term":[{"taxonomy":"yst_prominent_words","embeddable":true,"href":"https:\/\/antonioconcas.it\/index.php?rest_route=%2Fwp%2Fv2%2Fyst_prominent_words&post=88"}],"curies":[{"name":"wp","href":"https:\/\/api.w.org\/{rel}","templated":true}]}}